{"id":525,"date":"2021-05-10T14:40:49","date_gmt":"2021-05-10T18:40:49","guid":{"rendered":"https:\/\/thereunioncompetition.com\/?page_id=525"},"modified":"2025-02-08T10:53:21","modified_gmt":"2025-02-08T15:53:21","slug":"classification","status":"publish","type":"page","link":"https:\/\/thereunioncompetition.com\/en\/classification\/","title":{"rendered":"Classification"},"content":{"rendered":"<p>[et_pb_section fb_built=\u00a0\u00bb1&Prime; admin_label=\u00a0\u00bbSection header information 2 &#8211; Une seule par page\u00a0\u00bb module_id=\u00a0\u00bbsectionHeaderInformation2&Prime; _builder_version=\u00a0\u00bb4.16&Prime; _module_preset=\u00a0\u00bbdefault\u00a0\u00bb background_enable_image=\u00a0\u00bboff\u00a0\u00bb locked=\u00a0\u00bboff\u00a0\u00bb collapsed=\u00a0\u00bboff\u00a0\u00bb global_colors_info=\u00a0\u00bb{}\u00a0\u00bb][et_pb_row module_id=\u00a0\u00bbheaderPageInformation\u00a0\u00bb _builder_version=\u00a0\u00bb4.16&Prime; _module_preset=\u00a0\u00bbdefault\u00a0\u00bb global_colors_info=\u00a0\u00bb{}\u00a0\u00bb][et_pb_column type=\u00a0\u00bb4_4&Prime; module_class=\u00a0\u00bbblackBox\u00a0\u00bb _builder_version=\u00a0\u00bb4.16&Prime; _module_preset=\u00a0\u00bbdefault\u00a0\u00bb background_image=\u00a0\u00bbhttps:\/\/thereunioncompetition.com\/wp-content\/uploads\/2021\/06\/gold-texture-the-reunion2.jpg\u00a0\u00bb global_colors_info=\u00a0\u00bb{}\u00a0\u00bb][et_pb_text module_id=\u00a0\u00bbheaderPageTitle\u00a0\u00bb _builder_version=\u00a0\u00bb4.16&Prime; _module_preset=\u00a0\u00bbdefault\u00a0\u00bb global_colors_info=\u00a0\u00bb{}\u00a0\u00bb]<\/p>\n<h1>Classification<\/h1>\n<p>[\/et_pb_text][\/et_pb_column][\/et_pb_row][\/et_pb_section][et_pb_section fb_built=\u00a0\u00bb1&Prime; disabled_on=\u00a0\u00bbon|on|on\u00a0\u00bb admin_label=\u00a0\u00bbSection trois images\u00a0\u00bb module_class=\u00a0\u00bbsectionTroisImages\u00a0\u00bb _builder_version=\u00a0\u00bb4.16&Prime; _module_preset=\u00a0\u00bbdefault\u00a0\u00bb background_color=\u00a0\u00bb#000000&Prime; disabled=\u00a0\u00bbon\u00a0\u00bb collapsed=\u00a0\u00bbon\u00a0\u00bb global_colors_info=\u00a0\u00bb{}\u00a0\u00bb][et_pb_row module_class=\u00a0\u00bbtroisImagesTitle\u00a0\u00bb _builder_version=\u00a0\u00bb4.16&Prime; _module_preset=\u00a0\u00bbdefault\u00a0\u00bb global_colors_info=\u00a0\u00bb{}\u00a0\u00bb][et_pb_column type=\u00a0\u00bb4_4&Prime; _builder_version=\u00a0\u00bb4.16&Prime; _module_preset=\u00a0\u00bbdefault\u00a0\u00bb global_colors_info=\u00a0\u00bb{}\u00a0\u00bb][et_pb_text _builder_version=\u00a0\u00bb4.16&Prime; _module_preset=\u00a0\u00bbdefault\u00a0\u00bb global_colors_info=\u00a0\u00bb{}\u00a0\u00bb]<\/p>\n<h2>La danse \u00e0 son meilleur<\/h2>\n<p>[\/et_pb_text][\/et_pb_column][\/et_pb_row][et_pb_row module_class=\u00a0\u00bbimageGallery\u00a0\u00bb _builder_version=\u00a0\u00bb4.16&Prime; _module_preset=\u00a0\u00bbdefault\u00a0\u00bb global_colors_info=\u00a0\u00bb{}\u00a0\u00bb][et_pb_column type=\u00a0\u00bb4_4&Prime; _builder_version=\u00a0\u00bb4.16&Prime; _module_preset=\u00a0\u00bbdefault\u00a0\u00bb global_colors_info=\u00a0\u00bb{}\u00a0\u00bb][et_pb_image src=\u00a0\u00bbhttps:\/\/thereunioncompetition.com\/wp-content\/uploads\/2021\/02\/danseasonmeilleur.png\u00a0\u00bb title_text=\u00a0\u00bbdanseasonmeilleur\u00a0\u00bb _builder_version=\u00a0\u00bb4.16&Prime; _module_preset=\u00a0\u00bbdefault\u00a0\u00bb background_enable_color=\u00a0\u00bboff\u00a0\u00bb background_enable_image=\u00a0\u00bboff\u00a0\u00bb global_colors_info=\u00a0\u00bb{}\u00a0\u00bb][\/et_pb_image][\/et_pb_column][\/et_pb_row][\/et_pb_section][et_pb_section fb_built=\u00a0\u00bb1&Prime; disabled_on=\u00a0\u00bbon|on|on\u00a0\u00bb admin_label=\u00a0\u00bbSection texte sur orange\u00a0\u00bb module_class=\u00a0\u00bbsectionTextOverOrange\u00a0\u00bb _builder_version=\u00a0\u00bb4.16&Prime; _module_preset=\u00a0\u00bbdefault\u00a0\u00bb background_color=\u00a0\u00bb#e1be77&Prime; disabled=\u00a0\u00bbon\u00a0\u00bb collapsed=\u00a0\u00bbon\u00a0\u00bb global_colors_info=\u00a0\u00bb{}\u00a0\u00bb][et_pb_row _builder_version=\u00a0\u00bb4.16&Prime; _module_preset=\u00a0\u00bbdefault\u00a0\u00bb global_colors_info=\u00a0\u00bb{}\u00a0\u00bb][et_pb_column type=\u00a0\u00bb4_4&Prime; _builder_version=\u00a0\u00bb4.16&Prime; _module_preset=\u00a0\u00bbdefault\u00a0\u00bb global_colors_info=\u00a0\u00bb{}\u00a0\u00bb][et_pb_text admin_label=\u00a0\u00bbTitre\u00a0\u00bb _builder_version=\u00a0\u00bb4.16&Prime; _module_preset=\u00a0\u00bbdefault\u00a0\u00bb global_colors_info=\u00a0\u00bb{}\u00a0\u00bb]<\/p>\n<h2>La cr\u00e9ation au coeur du processus<\/h2>\n<p>[\/et_pb_text][et_pb_text admin_label=\u00a0\u00bbDescription\u00a0\u00bb module_class=\u00a0\u00bbblackText\u00a0\u00bb _builder_version=\u00a0\u00bb4.16&Prime; _module_preset=\u00a0\u00bbdefault\u00a0\u00bb text_text_color=\u00a0\u00bb#000000&Prime; header_text_color=\u00a0\u00bb#ffffff\u00a0\u00bb global_colors_info=\u00a0\u00bb{}\u00a0\u00bb]<\/p>\n<p>Comp\u00e9tition de danse d\u2019envergure o\u00f9 tout le monde se rassemble afin de se tailler une place pour non seulement rafler les honneurs de meilleure cr\u00e9ation mais, par le fait m\u00eame, redonner et \u00e9lever sa communaut\u00e9. THE REUNION: \u00c9levons notre monde.<\/p>\n<p>[\/et_pb_text][\/et_pb_column][\/et_pb_row][\/et_pb_section][et_pb_section fb_built=\u00a0\u00bb1&Prime; admin_label=\u00a0\u00bbSection Orange text centre\u00a0\u00bb module_class=\u00a0\u00bbsectionTextOverOrangeCentre\u00a0\u00bb _builder_version=\u00a0\u00bb4.16&Prime; _module_preset=\u00a0\u00bbdefault\u00a0\u00bb background_color=\u00a0\u00bb#e1be77&Prime; collapsed=\u00a0\u00bboff\u00a0\u00bb global_colors_info=\u00a0\u00bb{}\u00a0\u00bb][et_pb_row admin_label=\u00a0\u00bbGROUPES D\u2019\u00c2GE\u00a0\u00bb module_class=\u00a0\u00bbrowDeuxParagraphesTitle\u00a0\u00bb _builder_version=\u00a0\u00bb4.16&Prime; _module_preset=\u00a0\u00bbdefault\u00a0\u00bb global_colors_info=\u00a0\u00bb{}\u00a0\u00bb][et_pb_column type=\u00a0\u00bb4_4&Prime; _builder_version=\u00a0\u00bb4.16&Prime; _module_preset=\u00a0\u00bbdefault\u00a0\u00bb global_colors_info=\u00a0\u00bb{}\u00a0\u00bb][et_pb_text admin_label=\u00a0\u00bbTitre\u00a0\u00bb _builder_version=\u00a0\u00bb4.16&Prime; _module_preset=\u00a0\u00bbdefault\u00a0\u00bb text_orientation=\u00a0\u00bbcenter\u00a0\u00bb global_colors_info=\u00a0\u00bb{}\u00a0\u00bb]<\/p>\n<h2>Groupes d&rsquo;\u00e2ge<\/h2>\n<p>[\/et_pb_text][et_pb_text admin_label=\u00a0\u00bbParagraphe 1&Prime; module_class=\u00a0\u00bbparagraphCentrer\u00a0\u00bb _builder_version=\u00a0\u00bb4.16&Prime; _module_preset=\u00a0\u00bbdefault\u00a0\u00bb global_colors_info=\u00a0\u00bb{}\u00a0\u00bb]<\/p>\n<p><strong>Calcul de l\u2019\u00e2ge<\/strong><\/p>\n<p>L\u2019\u00e2ge pris en consid\u00e9ration sera celui en date du 1er janvier de l&rsquo;ann\u00e9e de la comp\u00e9tition. Pour les groupes; l\u2019\u00e2ge est d\u00e9termin\u00e9 par la moyenne des danseurs du groupe. Par exemple : \u00c2ge d\u2019un danseur ou moyenne du groupe 12,51 ans = 13 ans et 13,49 = 13 ans<\/p>\n<ul>\n<li>6-9 ans<\/li>\n<li>10-12 ans<\/li>\n<li>13-15 ans<\/li>\n<li>16-19 ans<\/li>\n<li>20-29 ans<\/li>\n<li>30 ans et +<\/li>\n<\/ul>\n<p>*Groupes d\u2019\u00e2ge sujets \u00e0 \u00eatre redivis\u00e9s afin d\u2019offrir un environnement de comp\u00e9tition \u00e9quitable.<\/p>\n<p>[\/et_pb_text][\/et_pb_column][\/et_pb_row][et_pb_row admin_label=\u00a0\u00bbTYPES DE GROUPES\u00a0\u00bb module_class=\u00a0\u00bbrowDeuxParagraphesTitle\u00a0\u00bb _builder_version=\u00a0\u00bb4.16&Prime; _module_preset=\u00a0\u00bbdefault\u00a0\u00bb global_colors_info=\u00a0\u00bb{}\u00a0\u00bb][et_pb_column type=\u00a0\u00bb4_4&Prime; _builder_version=\u00a0\u00bb4.16&Prime; _module_preset=\u00a0\u00bbdefault\u00a0\u00bb global_colors_info=\u00a0\u00bb{}\u00a0\u00bb][et_pb_text admin_label=\u00a0\u00bbTitre\u00a0\u00bb _builder_version=\u00a0\u00bb4.16&Prime; _module_preset=\u00a0\u00bbdefault\u00a0\u00bb text_orientation=\u00a0\u00bbcenter\u00a0\u00bb global_colors_info=\u00a0\u00bb{}\u00a0\u00bb]<\/p>\n<h2>Types de groupes<\/h2>\n<p>[\/et_pb_text][et_pb_text admin_label=\u00a0\u00bbParagraphe 1&Prime; module_class=\u00a0\u00bbparagraphCentrer\u00a0\u00bb _builder_version=\u00a0\u00bb4.16&Prime; _module_preset=\u00a0\u00bbdefault\u00a0\u00bb global_colors_info=\u00a0\u00bb{}\u00a0\u00bb]<\/p>\n<ul>\n<li>Solo 1 personne<\/li>\n<li>Duo\/trio 2\/3 personnes<\/li>\n<li>Petit groupe 4 \u00e0 9 personnes<\/li>\n<li>Grand groupe 10 \u00e0 15 personnes<\/li>\n<li>Production 16 personnes et plus<\/li>\n<\/ul>\n<p>*Une m\u00eame formation (solo\/duo\/trio\/petit et grand groupe) est autoris\u00e9e \u00e0 inscrire un seul num\u00e9ro par cat\u00e9gorie. Pour performer dans la m\u00eame cat\u00e9gorie, une formation doit comprendre un minimum de 50% des nouveaux danseurs.[\/et_pb_text][\/et_pb_column][\/et_pb_row][et_pb_row admin_label=\u00a0\u00bbDur\u00e9e des chor\u00e9graphies\u00a0\u00bb module_class=\u00a0\u00bbrowDeuxParagraphesTitle\u00a0\u00bb _builder_version=\u00a0\u00bb4.16&Prime; _module_preset=\u00a0\u00bbdefault\u00a0\u00bb global_colors_info=\u00a0\u00bb{}\u00a0\u00bb][et_pb_column type=\u00a0\u00bb4_4&Prime; _builder_version=\u00a0\u00bb4.16&Prime; _module_preset=\u00a0\u00bbdefault\u00a0\u00bb global_colors_info=\u00a0\u00bb{}\u00a0\u00bb][et_pb_text admin_label=\u00a0\u00bbTitre\u00a0\u00bb _builder_version=\u00a0\u00bb4.16&Prime; _module_preset=\u00a0\u00bbdefault\u00a0\u00bb text_orientation=\u00a0\u00bbcenter\u00a0\u00bb global_colors_info=\u00a0\u00bb{}\u00a0\u00bb]<\/p>\n<h2>Dur\u00e9e des chor\u00e9graphies<\/h2>\n<p>[\/et_pb_text][et_pb_text admin_label=\u00a0\u00bbParagraphe 1&Prime; module_class=\u00a0\u00bbparagraphCentrer\u00a0\u00bb _builder_version=\u00a0\u00bb4.16&Prime; _module_preset=\u00a0\u00bbdefault\u00a0\u00bb global_colors_info=\u00a0\u00bb{}\u00a0\u00bb]<\/p>\n<ul>\n<li>Solo : 1 personne &#8211; 3 minutes<\/li>\n<li>Duo\/trio : 2\/3 personnes &#8211; 3 minutes<\/li>\n<li>Petit groupe : 4 \u00e0 9 personnes &#8211; 4 minutes<\/li>\n<li>Grand groupe : 10 \u00e0 15 personnes &#8211; 4 minutes<\/li>\n<li>Production : 16 personnes et plus &#8211; 8 minutes<\/li>\n<\/ul>\n<p>*Une diff\u00e9rence de 5 secondes sera tol\u00e9r\u00e9e. La dur\u00e9e de chaque chor\u00e9graphie sera contr\u00f4l\u00e9e et v\u00e9rifi\u00e9e. Des d\u00e9ductions au pointage s\u2019appliqueront en cas de non-conformit\u00e9.[\/et_pb_text][\/et_pb_column][\/et_pb_row][et_pb_row admin_label=\u00a0\u00bbNIVEAUX\u00a0\u00bb module_class=\u00a0\u00bbrowDeuxParagraphesTitle\u00a0\u00bb _builder_version=\u00a0\u00bb4.16&Prime; _module_preset=\u00a0\u00bbdefault\u00a0\u00bb global_colors_info=\u00a0\u00bb{}\u00a0\u00bb][et_pb_column type=\u00a0\u00bb4_4&Prime; _builder_version=\u00a0\u00bb4.16&Prime; _module_preset=\u00a0\u00bbdefault\u00a0\u00bb global_colors_info=\u00a0\u00bb{}\u00a0\u00bb][et_pb_text admin_label=\u00a0\u00bbTitre\u00a0\u00bb _builder_version=\u00a0\u00bb4.16&Prime; _module_preset=\u00a0\u00bbdefault\u00a0\u00bb text_orientation=\u00a0\u00bbcenter\u00a0\u00bb global_colors_info=\u00a0\u00bb{}\u00a0\u00bb]<\/p>\n<h2>Niveaux<\/h2>\n<p>[\/et_pb_text][et_pb_text admin_label=\u00a0\u00bbParagraphe 1&Prime; module_class=\u00a0\u00bbparagraphCentrer\u00a0\u00bb _builder_version=\u00a0\u00bb4.16&Prime; _module_preset=\u00a0\u00bbdefault\u00a0\u00bb global_colors_info=\u00a0\u00bb{}\u00a0\u00bb]<\/p>\n<p>Notez que ces niveaux ne sont qu\u2019une estimation. Chaque individu ayant une progression diff\u00e9rente, nous faisons confiance au jugement de l\u2019entra\u00eeneur. The Reunion pr\u00f4ne le d\u00e9veloppement sain de chaque danseur. Dans cet optique, nous nous attendons \u00e0 ce que chaque participant soit dans une cat\u00e9gorie o\u00f9 il devra s\u2019\u00e9lever.<\/p>\n<ul>\n<li>Novice : 1 \u00e0 2 ans d\u2019entra\u00eenement comp\u00e9titif<\/li>\n<li>Pr\u00e9comp\u00e9titif : 3 \u00e0 4 ans d\u2019entra\u00eenement comp\u00e9titif<\/li>\n<li>Comp\u00e9titif : 5 \u00e0 6 ans d\u2019entra\u00eenement comp\u00e9titif<\/li>\n<li>\u00c9lite : 7 ans et plus ou vivant de son art<\/li>\n<\/ul>\n<p>&nbsp;<\/p>\n<p>[\/et_pb_text][\/et_pb_column][\/et_pb_row][\/et_pb_section][et_pb_section fb_built=\u00a0\u00bb1&Prime; disabled_on=\u00a0\u00bbon|on|on\u00a0\u00bb admin_label=\u00a0\u00bbSection employ\u00e9\u00a0\u00bb module_class=\u00a0\u00bbsectionEmploye\u00a0\u00bb _builder_version=\u00a0\u00bb4.16&Prime; _module_preset=\u00a0\u00bbdefault\u00a0\u00bb background_color=\u00a0\u00bb#000000&Prime; disabled=\u00a0\u00bbon\u00a0\u00bb collapsed=\u00a0\u00bbon\u00a0\u00bb global_colors_info=\u00a0\u00bb{}\u00a0\u00bb][et_pb_row _builder_version=\u00a0\u00bb4.16&Prime; _module_preset=\u00a0\u00bbdefault\u00a0\u00bb global_colors_info=\u00a0\u00bb{}\u00a0\u00bb][et_pb_column type=\u00a0\u00bb4_4&Prime; _builder_version=\u00a0\u00bb4.16&Prime; _module_preset=\u00a0\u00bbdefault\u00a0\u00bb global_colors_info=\u00a0\u00bb{}\u00a0\u00bb][et_pb_text admin_label=\u00a0\u00bbTitre\u00a0\u00bb _builder_version=\u00a0\u00bb4.16&Prime; _module_preset=\u00a0\u00bbdefault\u00a0\u00bb global_colors_info=\u00a0\u00bb{}\u00a0\u00bb]<\/p>\n<h2 style=\"text-align: center;\">Notre \u00e9quipe de passionn\u00e9s<\/h2>\n<p>[\/et_pb_text][\/et_pb_column][\/et_pb_row][et_pb_row column_structure=\u00a0\u00bb1_2,1_2&Prime; admin_label=\u00a0\u00bbEmploy\u00e9\u00a0\u00bb _builder_version=\u00a0\u00bb4.16&Prime; _module_preset=\u00a0\u00bbdefault\u00a0\u00bb collapsed=\u00a0\u00bboff\u00a0\u00bb global_colors_info=\u00a0\u00bb{}\u00a0\u00bb][et_pb_column type=\u00a0\u00bb1_2&Prime; module_class=\u00a0\u00bbcolumnImage\u00a0\u00bb _builder_version=\u00a0\u00bb4.16&Prime; _module_preset=\u00a0\u00bbdefault\u00a0\u00bb global_colors_info=\u00a0\u00bb{}\u00a0\u00bb][et_pb_image src=\u00a0\u00bbhttps:\/\/thereunioncompetition.com\/wp-content\/uploads\/2021\/02\/employe1.png\u00a0\u00bb title_text=\u00a0\u00bbemploye1&Prime; module_class=\u00a0\u00bbrowImage\u00a0\u00bb _builder_version=\u00a0\u00bb4.16&Prime; _module_preset=\u00a0\u00bbdefault\u00a0\u00bb global_colors_info=\u00a0\u00bb{}\u00a0\u00bb][\/et_pb_image][\/et_pb_column][et_pb_column type=\u00a0\u00bb1_2&Prime; module_class=\u00a0\u00bbcolumnPerson\u00a0\u00bb _builder_version=\u00a0\u00bb4.16&Prime; _module_preset=\u00a0\u00bbdefault\u00a0\u00bb global_colors_info=\u00a0\u00bb{}\u00a0\u00bb][et_pb_text admin_label=\u00a0\u00bbPr\u00e9nom Nom\u00a0\u00bb module_class=\u00a0\u00bbtextPrenomNom\u00a0\u00bb _builder_version=\u00a0\u00bb4.16&Prime; _module_preset=\u00a0\u00bbdefault\u00a0\u00bb global_colors_info=\u00a0\u00bb{}\u00a0\u00bb]<\/p>\n<h5>Pr\u00e9nom Nom<\/h5>\n<p>[\/et_pb_text][et_pb_text admin_label=\u00a0\u00bbTitre et entreprise\u00a0\u00bb _builder_version=\u00a0\u00bb4.16&Prime; _module_preset=\u00a0\u00bbdefault\u00a0\u00bb global_colors_info=\u00a0\u00bb{}\u00a0\u00bb]<\/p>\n<h4>TITRE ET ENTREPRISE<\/h4>\n<p>[\/et_pb_text][et_pb_text admin_label=\u00a0\u00bbParagraphe\u00a0\u00bb module_class=\u00a0\u00bbparagraph\u00a0\u00bb _builder_version=\u00a0\u00bb4.16&Prime; _module_preset=\u00a0\u00bbdefault\u00a0\u00bb global_colors_info=\u00a0\u00bb{}\u00a0\u00bb]<\/p>\n<p>Your content goes here. Edit or remove this text inline or in the module Content settings. You can also style every aspect of this content in the module Design settings and even apply custom CSS to this text in the module Advanced settings.<\/p>\n<p>[\/et_pb_text][et_pb_text admin_label=\u00a0\u00bbParagraphe\u00a0\u00bb module_class=\u00a0\u00bbparagraph\u00a0\u00bb _builder_version=\u00a0\u00bb4.16&Prime; _module_preset=\u00a0\u00bbdefault\u00a0\u00bb global_colors_info=\u00a0\u00bb{}\u00a0\u00bb]<\/p>\n<p>Lorem ipsum dolor sit amet, consecr adipiscing elit. Curabitur iaculis egestas molestie. Maecenas fringilla leo eget dui scelerisque volutpat in.<\/p>\n<p>[\/et_pb_text][\/et_pb_column][\/et_pb_row][\/et_pb_section][et_pb_section fb_built=\u00a0\u00bb1&Prime; admin_label=\u00a0\u00bbSection Deux Paragraphes\u00a0\u00bb module_class=\u00a0\u00bbsectionDeuxParagraphes\u00a0\u00bb _builder_version=\u00a0\u00bb4.16&Prime; _module_preset=\u00a0\u00bbdefault\u00a0\u00bb background_color=\u00a0\u00bb#000000&Prime; collapsed=\u00a0\u00bboff\u00a0\u00bb global_colors_info=\u00a0\u00bb{}\u00a0\u00bb][et_pb_row admin_label=\u00a0\u00bbSTYLES\u00a0\u00bb module_class=\u00a0\u00bbrowDeuxParagraphesTitle\u00a0\u00bb _builder_version=\u00a0\u00bb4.16&Prime; _module_preset=\u00a0\u00bbdefault\u00a0\u00bb global_colors_info=\u00a0\u00bb{}\u00a0\u00bb][et_pb_column type=\u00a0\u00bb4_4&Prime; _builder_version=\u00a0\u00bb4.16&Prime; _module_preset=\u00a0\u00bbdefault\u00a0\u00bb global_colors_info=\u00a0\u00bb{}\u00a0\u00bb][et_pb_text admin_label=\u00a0\u00bbTitre\u00a0\u00bb _builder_version=\u00a0\u00bb4.16&Prime; _module_preset=\u00a0\u00bbdefault\u00a0\u00bb global_colors_info=\u00a0\u00bb{}\u00a0\u00bb]<\/p>\n<h2 style=\"text-align: center;\">Styles<\/h2>\n<p>[\/et_pb_text][et_pb_text admin_label=\u00a0\u00bbParagraphe 1&Prime; module_class=\u00a0\u00bbparagraphCentrer\u00a0\u00bb _builder_version=\u00a0\u00bb4.16&Prime; _module_preset=\u00a0\u00bbdefault\u00a0\u00bb global_colors_info=\u00a0\u00bb{}\u00a0\u00bb]<\/p>\n<p><strong>Contemporain<\/strong>: ce style se d\u00e9finit par son int\u00e9gration de notions telles que la gravit\u00e9, la chute et la suspension, la contraction et le rel\u00e2chement, l\u2019\u00e9quilibre et le d\u00e9s\u00e9quilibre, diff\u00e9rentes dynamiques et qualit\u00e9s de mouvements, une conscience du poids du corps, le tout dans un style plus libre et organique explorant un concept, une histoire, une \u00e9motion ou une intention.<\/p>\n<p><strong>Ballet<\/strong>: ce style se d\u00e9finit par sa technique classique, la puret\u00e9 de ses lignes et ses mouvements d\u2019une grande pr\u00e9cision. Les chor\u00e9graphies peuvent s\u2019ex\u00e9cuter sur pointes ou demi-pointes.<\/p>\n<p><strong>Lyrique<\/strong>: ce style est un m\u00e9lange des techniques de ballet classique et de jazz. Les mouvements se font en douceur et en contr\u00f4le et viennent appuyer les paroles de la musique avec une interpr\u00e9tation bien d\u00e9finie.<\/p>\n<p><strong>Acro:<\/strong> Ce style demeure une chor\u00e9graphie de danse mais elle comporte plusieurs \u00e9l\u00e9ments acrobatiques inspir\u00e9s de la gymnastique.<\/p>\n<p><strong>Jazz (Jazz, Street Jazz, Funky Jazz, Broadway Jazz&#8230;)<\/strong>: la danse jazz combine les techniques du ballet classique et de la danse moderne avec les formes actuelles de danse populaire. Le jazz poss\u00e8de \u00e9galement son propre vocabulaire de mouvements, allant de l&rsquo;isolement de certaines parties du corps au mouvement de tout le corps, avec les accents de rythmes musicaux. La danse jazz peut rev\u00eatir de nombreuses caract\u00e9ristiques et styles diff\u00e9rents, notamment le jazz de rue, le percussif, le Broadway, le contemporain et le lyrique. L&rsquo;accent est mis sur l&rsquo;importance de l&rsquo;\u00e9nergie, de la pr\u00e9cision rythmique et le style.<\/p>\n<p><strong>Danses folkloriques\/Danses du monde<\/strong>: les danses folkloriques s\u2019appuient sur des danses traditionnelles d\u2019ici et d\u2019ailleurs telles que; la danse irlandaise, la gigue, la claquette, le baladi, la danse africaine, etc.<\/p>\n<p><strong>Street<\/strong>: ce style se d\u00e9finit par l\u2019int\u00e9gration des techniques d\u2019une ou plusieurs des danses suivantes: hip hop, breakdance, house, waacking, popping, locking, krump, voguing, stepping, dancehall, etc.<\/p>\n<p><strong>Commercial<\/strong>: ce style de danse s\u2019inspire de plusieurs autres styles et est une combinaison de la signature du chor\u00e9graphe, d\u2019\u00e9nergie et de performance.<\/p>\n<p><strong>Ballroom<\/strong>: ce style est une int\u00e9gration des techniques d\u2019une ou plusieurs des danses suivantes: cha cha, rumba, samba, mambo, salsa, merengue, bachata, paso doble, jive, triple-swing, west coast swing, swing, tango argentin, valse lente, quick step, valse viennoise, foxtrot, tango et hustle.<\/p>\n<p><strong>Championnat<\/strong>: le championnat est une cat\u00e9gorie ouverte \u00e0 tous, tous styles confondus qui se d\u00e9roule en trois rondes. Dix num\u00e9ros seront s\u00e9lectionn\u00e9s pour prendre part au championnat (3 novices, 3 pr\u00e9comp\u00e9titifs, 3 comp\u00e9titifs et 1 professionnel) sous forme de pige au hasard, un mois avant l&rsquo;\u00e9v\u00e9nement. Les solos ne sont pas admis.<\/p>\n<p>Les 2 num\u00e9ros finalistes devront s\u2019affronter dans un battle \u201cfreestyle\u201d. La chor\u00e9graphie pr\u00e9sent\u00e9e peut changer \u00e0 chaque ronde, mais il est \u00e9galement possible de garder la m\u00eame chor\u00e9graphie. Le jury, quant \u00e0 lui, sera constitu\u00e9 de personnes diff\u00e9rentes \u00e0 chaque ronde.<\/p>\n<p><strong>Impro<\/strong>: cette cat\u00e9gorie est r\u00e9serv\u00e9e aux danseurs et danseuses qui veulent montrer leur personnalit\u00e9 via la danse de fa\u00e7on spontan\u00e9e. Revenons \u00e0 la base de la danse: s\u2019inspirer de la musique pour cr\u00e9er. Peu importe le style de danse, les danseurs se verront attribuer une musique \u00e0 leur entr\u00e9e sur sc\u00e8ne et devront faire une improvisation d\u2019environ 1 minute 30.<\/p>\n<p><strong>Fusion (minimum de 2 styles combin\u00e9s)<\/strong>: ce style est r\u00e9serv\u00e9 aux danseurs multidisciplinaires qui n\u2019arrivent pas \u00e0 faire un choix et\/ou qui d\u00e9sirent combiner 2 styles de danse ou plus.<\/p>\n<p><strong>Exp\u00e9rimental<\/strong>: cette cat\u00e9gorie se veut ax\u00e9e sur le mouvement et\/ou le concept au-del\u00e0 du style et\/ou de la technique et\/ou de l\u2019interpr\u00e9tation\/\u00e9motion.<\/p>\n<p><strong>Battle<\/strong>: la cat\u00e9gorie battle est ouverte aux solos seulement. Le battle est \u201call styles\u201d (donc tous les styles de danse sont permis). Le choix des \u2018\u2019rivaux\u2019\u2019 se fera sous forme de tirage au sort. Le gagnant <br \/>du battle aura la chance de performer un freestyle lors de notre showcase.<\/p>\n<p><strong>Expression Libre: <\/strong>Cette cat\u00e9gorie met en lumi\u00e8re des danseurs dont le talent et la passion transcendent les barri\u00e8res. R\u00e9serv\u00e9e aux danseurs en situation de handicap, Expression Libre c\u00e9l\u00e8bre l\u2019authenticit\u00e9, la cr\u00e9ativit\u00e9 et l\u2019\u00e9motion \u00e0 travers la danse. Chaque performance est une d\u00e9monstration de d\u00e9termination et d\u2019inspiration, rappelant que l\u2019art n\u2019a aucune limite.<\/p>\n<p>&nbsp;<\/p>\n<p>[\/et_pb_text][\/et_pb_column][\/et_pb_row][\/et_pb_section][et_pb_section fb_built=\u00a0\u00bb1&Prime; disabled_on=\u00a0\u00bbon|on|on\u00a0\u00bb admin_label=\u00a0\u00bbSection Quotes\u00a0\u00bb module_class=\u00a0\u00bbsectionQuotes\u00a0\u00bb _builder_version=\u00a0\u00bb4.16&Prime; _module_preset=\u00a0\u00bbdefault\u00a0\u00bb background_color=\u00a0\u00bb#000000&Prime; disabled=\u00a0\u00bbon\u00a0\u00bb collapsed=\u00a0\u00bbon\u00a0\u00bb global_colors_info=\u00a0\u00bb{}\u00a0\u00bb][et_pb_row module_class=\u00a0\u00bbrowQuotesTitle\u00a0\u00bb _builder_version=\u00a0\u00bb4.16&Prime; _module_preset=\u00a0\u00bbdefault\u00a0\u00bb global_colors_info=\u00a0\u00bb{}\u00a0\u00bb][et_pb_column type=\u00a0\u00bb4_4&Prime; _builder_version=\u00a0\u00bb4.16&Prime; _module_preset=\u00a0\u00bbdefault\u00a0\u00bb global_colors_info=\u00a0\u00bb{}\u00a0\u00bb][et_pb_text admin_label=\u00a0\u00bbTitre gris\u00a0\u00bb module_class=\u00a0\u00bbgrayText\u00a0\u00bb _builder_version=\u00a0\u00bb4.16&Prime; _module_preset=\u00a0\u00bbdefault\u00a0\u00bb global_colors_info=\u00a0\u00bb{}\u00a0\u00bb]<\/p>\n<h2 style=\"text-align: center; color: #777;\">Un exemple de titre<\/h2>\n<p>[\/et_pb_text][\/et_pb_column][\/et_pb_row][et_pb_row admin_label=\u00a0\u00bbQuote\u00a0\u00bb _builder_version=\u00a0\u00bb4.16&Prime; _module_preset=\u00a0\u00bbdefault\u00a0\u00bb global_colors_info=\u00a0\u00bb{}\u00a0\u00bb][et_pb_column type=\u00a0\u00bb4_4&Prime; _builder_version=\u00a0\u00bb4.16&Prime; _module_preset=\u00a0\u00bbdefault\u00a0\u00bb global_colors_info=\u00a0\u00bb{}\u00a0\u00bb][et_pb_text admin_label=\u00a0\u00bbTop Left Quote\u00a0\u00bb module_class=\u00a0\u00bbtopLeftQuote\u00a0\u00bb _builder_version=\u00a0\u00bb4.16&Prime; _module_preset=\u00a0\u00bbdefault\u00a0\u00bb global_colors_info=\u00a0\u00bb{}\u00a0\u00bb]\u201c[\/et_pb_text][et_pb_text admin_label=\u00a0\u00bbBottom Right Quote\u00a0\u00bb module_class=\u00a0\u00bbbottomRightQuote\u00a0\u00bb _builder_version=\u00a0\u00bb4.16&Prime; _module_preset=\u00a0\u00bbdefault\u00a0\u00bb global_colors_info=\u00a0\u00bb{}\u00a0\u00bb]\u201d[\/et_pb_text][et_pb_text admin_label=\u00a0\u00bbTexte dans les quotes\u00a0\u00bb module_class=\u00a0\u00bbquoteText\u00a0\u00bb _builder_version=\u00a0\u00bb4.16&Prime; _module_preset=\u00a0\u00bbdefault\u00a0\u00bb global_colors_info=\u00a0\u00bb{}\u00a0\u00bb]<\/p>\n<h3 style=\"text-align: center;\">Comp\u00e9tition de danse d\u2019envergure o\u00f9 tout le monde se rassemble afin de se tailler une place pour non seulement rafler les honneurs de meilleure cr\u00e9ation mais, par le fait m\u00eame, redonner et \u00e9lever sa communaut\u00e9. THE REUNION: \u00c9levons notre monde.<\/h3>\n<p>[\/et_pb_text][\/et_pb_column][\/et_pb_row][\/et_pb_section]<\/p>\n","protected":false},"excerpt":{"rendered":"<p>ClassificationLa danse \u00e0 son meilleurLa cr\u00e9ation au coeur du processusComp\u00e9tition de danse d\u2019envergure o\u00f9 tout le monde se rassemble afin de se tailler une place pour non seulement rafler les honneurs de meilleure cr\u00e9ation mais, par le fait m\u00eame, redonner et \u00e9lever sa communaut\u00e9. THE REUNION: \u00c9levons notre monde.Groupes d&rsquo;\u00e2geCalcul de l\u2019\u00e2ge L\u2019\u00e2ge pris en [&hellip;]<\/p>\n","protected":false},"author":1,"featured_media":0,"parent":0,"menu_order":0,"comment_status":"closed","ping_status":"closed","template":"","meta":{"_acf_changed":false,"_et_pb_use_builder":"on","_et_pb_old_content":"","_et_gb_content_width":"","footnotes":""},"acf":[],"_links":{"self":[{"href":"https:\/\/thereunioncompetition.com\/en\/wp-json\/wp\/v2\/pages\/525"}],"collection":[{"href":"https:\/\/thereunioncompetition.com\/en\/wp-json\/wp\/v2\/pages"}],"about":[{"href":"https:\/\/thereunioncompetition.com\/en\/wp-json\/wp\/v2\/types\/page"}],"author":[{"embeddable":true,"href":"https:\/\/thereunioncompetition.com\/en\/wp-json\/wp\/v2\/users\/1"}],"replies":[{"embeddable":true,"href":"https:\/\/thereunioncompetition.com\/en\/wp-json\/wp\/v2\/comments?post=525"}],"version-history":[{"count":14,"href":"https:\/\/thereunioncompetition.com\/en\/wp-json\/wp\/v2\/pages\/525\/revisions"}],"predecessor-version":[{"id":1374,"href":"https:\/\/thereunioncompetition.com\/en\/wp-json\/wp\/v2\/pages\/525\/revisions\/1374"}],"wp:attachment":[{"href":"https:\/\/thereunioncompetition.com\/en\/wp-json\/wp\/v2\/media?parent=525"}],"curies":[{"name":"wp","href":"https:\/\/api.w.org\/{rel}","templated":true}]}}