{"id":9,"date":"2021-02-16T11:44:24","date_gmt":"2021-02-16T16:44:24","guid":{"rendered":"https:\/\/thereunioncompetition.com\/?page_id=9"},"modified":"2026-04-01T16:56:42","modified_gmt":"2026-04-01T20:56:42","slug":"accueil","status":"publish","type":"page","link":"https:\/\/thereunioncompetition.com\/en\/","title":{"rendered":"Accueil"},"content":{"rendered":"<p>[et_pb_section fb_built=\u00a0\u00bb1&Prime; admin_label=\u00a0\u00bbSection header information\u00a0\u00bb module_id=\u00a0\u00bbsectionHeaderInformation\u00a0\u00bb _builder_version=\u00a0\u00bb4.16&Prime; _module_preset=\u00a0\u00bbdefault\u00a0\u00bb background_enable_image=\u00a0\u00bboff\u00a0\u00bb collapsed=\u00a0\u00bboff\u00a0\u00bb global_colors_info=\u00a0\u00bb{}\u00a0\u00bb][et_pb_row column_structure=\u00a0\u00bb1_2,1_2&Prime; module_id=\u00a0\u00bbheaderPageInformation\u00a0\u00bb _builder_version=\u00a0\u00bb4.16&Prime; _module_preset=\u00a0\u00bbdefault\u00a0\u00bb background_enable_image=\u00a0\u00bboff\u00a0\u00bb locked=\u00a0\u00bboff\u00a0\u00bb global_colors_info=\u00a0\u00bb{}\u00a0\u00bb][et_pb_column type=\u00a0\u00bb1_2&Prime; module_id=\u00a0\u00bbheaderSideImage\u00a0\u00bb _builder_version=\u00a0\u00bb4.16&Prime; _module_preset=\u00a0\u00bbdefault\u00a0\u00bb background_image=\u00a0\u00bbhttps:\/\/thereunioncompetition.com\/wp-content\/uploads\/2021\/03\/header-danseuse-the-reunion.jpg\u00a0\u00bb global_colors_info=\u00a0\u00bb{}\u00a0\u00bb][et_pb_code admin_label=\u00a0\u00bbImage d&rsquo;accueil\u00a0\u00bb module_class=\u00a0\u00bbboxShadow\u00a0\u00bb _builder_version=\u00a0\u00bb4.20.0&Prime; _module_preset=\u00a0\u00bbdefault\u00a0\u00bb background_image=\u00a0\u00bbhttps:\/\/thereunioncompetition.com\/wp-content\/uploads\/2023\/02\/accueil-the-reunion-2023-3.jpg\u00a0\u00bb global_colors_info=\u00a0\u00bb{}\u00a0\u00bb][\/et_pb_code][\/et_pb_column][et_pb_column type=\u00a0\u00bb1_2&Prime; module_class=\u00a0\u00bbblackBox\u00a0\u00bb _builder_version=\u00a0\u00bb4.16&Prime; _module_preset=\u00a0\u00bbdefault\u00a0\u00bb background_image=\u00a0\u00bbhttps:\/\/thereunioncompetition.com\/wp-content\/uploads\/2021\/06\/gold-texture-the-reunion-split2.jpg\u00a0\u00bb global_colors_info=\u00a0\u00bb{}\u00a0\u00bb][et_pb_text admin_label=\u00a0\u00bbTitre\u00a0\u00bb module_id=\u00a0\u00bbheaderPageTitle\u00a0\u00bb _builder_version=\u00a0\u00bb4.16&Prime; _module_preset=\u00a0\u00bbdefault\u00a0\u00bb global_colors_info=\u00a0\u00bb{}\u00a0\u00bb]<\/p>\n<h1>\u00c9levons notre monde en misant sur la cr\u00e9ativit\u00e9<\/h1>\n<p>[\/et_pb_text][et_pb_text admin_label=\u00a0\u00bbDescription\u00a0\u00bb module_id=\u00a0\u00bbheaderPageDescription\u00a0\u00bb _builder_version=\u00a0\u00bb4.16&Prime; _module_preset=\u00a0\u00bbdefault\u00a0\u00bb custom_padding=\u00a0\u00bb||2px|||\u00a0\u00bb global_colors_info=\u00a0\u00bb{}\u00a0\u00bb]<\/p>\n<p>Comp\u00e9tition de grande envergure o\u00f9 tout le monde se rassemble afin de se tailler une place pour non seulement rafler les honneurs de meilleure cr\u00e9ation mais, par le fait m\u00eame, redonner et \u00e9lever sa communaut\u00e9.<\/p>\n<p>[\/et_pb_text][et_pb_text admin_label=\u00a0\u00bbLieu\u00a0\u00bb module_id=\u00a0\u00bbheaderPageDate\u00a0\u00bb _builder_version=\u00a0\u00bb4.25.0&Prime; _module_preset=\u00a0\u00bbdefault\u00a0\u00bb text_font_size=\u00a0\u00bb12px\u00a0\u00bb width=\u00a0\u00bb100%\u00a0\u00bb min_height=\u00a0\u00bb81px\u00a0\u00bb custom_padding=\u00a0\u00bb||22px|||\u00a0\u00bb global_colors_info=\u00a0\u00bb{}\u00a0\u00bb]<\/p>\n<p>&nbsp;<\/p>\n<p>2 au 5 avril 2026, au CECI \u00e0 Trois-Rivi\u00e8res<\/p>\n<p>(<span class=\"wixui-rich-text__text\">1634 Rue Notre Dame Centre, Trois-Rivi\u00e8res, QC, <\/span><span class=\"wixui-rich-text__text\">G9A 6B2)<\/span><\/p>\n<p>&nbsp;<\/p>\n<p>[\/et_pb_text][et_pb_text admin_label=\u00a0\u00bbLien\u00a0\u00bb module_id=\u00a0\u00bbheaderPageDescription\u00a0\u00bb _builder_version=\u00a0\u00bb4.27.5&Prime; _module_preset=\u00a0\u00bbdefault\u00a0\u00bb custom_padding=\u00a0\u00bb15px|||||\u00a0\u00bb global_colors_info=\u00a0\u00bb{}\u00a0\u00bb]<\/p>\n<p><b><a href=\"https:\/\/airtable.com\/appQ821ZdpaipjpE1\/shr0FjgKeCtlrPmey?fbclid=IwdGRleAQeZ2RjbGNrBB5jbWV4dG4DYWVtAjExAHNydGMGYXBwX2lkEDIyMjAzOTE3ODgyMDA4OTIAAR4qjyhayTTdUqA39OQOQJq0esfPvbSh3bO8jxqWy8KqlYyPrCYwRs-60lf1tA_aem_zoIjvrD0cpotpowAfrL6qQ&amp;utm_source=ig&amp;utm_medium=social&amp;utm_content=link_in_bio&amp;lwcpD=b%3AWzAsWyJ3N2o5eCIsNixbInJlY0theWlBREJodGJBSVkzIl0sInBFVFdUIl1d\">Cliquez ici pour acc\u00e9der \u00e0 l&rsquo;horaire complet<\/a><\/b><\/p>\n<p><b><\/b><\/p>\n<p><b><\/b><\/p>\n<p><b><\/b><\/p>\n<p><a href=\"https:\/\/lepointdevente.com\/billets\/reunion2026\"><b>Cliquez ici pour acheter vos billets\u00a0<\/b><\/a><b><\/b><\/p>\n<p><b><\/b><\/p>\n<p><b><\/b><\/p>\n<p><a href=\"https:\/\/www.canva.com\/design\/DAHDTnJOhGQ\/N8MeegtA8-3L0sMKkerL9Q\/view?utm_content=DAHDTnJOhGQ&amp;utm_campaign=designshare&amp;utm_medium=link2&amp;utm_source=uniquelinks&amp;utlId=hb1b7cc5f93\"><b><\/b><\/a><\/p>\n<p><a href=\"https:\/\/www.canva.com\/design\/DAHDTnJOhGQ\/N8MeegtA8-3L0sMKkerL9Q\/view?utm_content=DAHDTnJOhGQ&amp;utm_campaign=designshare&amp;utm_medium=link2&amp;utm_source=uniquelinks&amp;utlId=hb1b7cc5f93\"><b>Cliquez ici pour acc\u00e9der au guide du participant pour informations suppl\u00e9mentaires<\/b><\/a><\/p>\n<p><strong><\/strong><\/p>\n<p><strong><em><\/em><\/strong><\/p>\n<p><strong><em>CONCEPT REUNION<\/em><\/strong><\/p>\n<p>-&gt; <a href=\"https:\/\/www.youtube.com\/watch?v=iwHX06HZh7M\" target=\"_blank\" rel=\"noopener\">Vid\u00e9o explicative du concept de la comp\u00e9tition<\/a><\/p>\n<p>&nbsp;<\/p>\n<p>[\/et_pb_text][\/et_pb_column][\/et_pb_row][\/et_pb_section][et_pb_section fb_built=\u00a0\u00bb1&Prime; admin_label=\u00a0\u00bbSection Cr\u00e9er \u00c9lever\u00a0\u00bb module_class=\u00a0\u00bbsectionCreerElever\u00a0\u00bb _builder_version=\u00a0\u00bb4.16&Prime; _module_preset=\u00a0\u00bbdefault\u00a0\u00bb collapsed=\u00a0\u00bboff\u00a0\u00bb global_colors_info=\u00a0\u00bb{}\u00a0\u00bb][et_pb_row column_structure=\u00a0\u00bb1_2,1_2&Prime; admin_label=\u00a0\u00bbBo\u00eete avec image en background\u00a0\u00bb module_class=\u00a0\u00bbboiteCreerElever\u00a0\u00bb _builder_version=\u00a0\u00bb4.20.0&Prime; _module_preset=\u00a0\u00bbdefault\u00a0\u00bb background_image=\u00a0\u00bbhttps:\/\/thereunioncompetition.com\/wp-content\/uploads\/2023\/02\/elevate-create-accueil-the-reunion-2023-2.jpg\u00a0\u00bb background_size=\u00a0\u00bbcontain\u00a0\u00bb collapsed=\u00a0\u00bboff\u00a0\u00bb global_colors_info=\u00a0\u00bb{}\u00a0\u00bb][et_pb_column type=\u00a0\u00bb1_2&Prime; module_class=\u00a0\u00bbcolumnCreer\u00a0\u00bb _builder_version=\u00a0\u00bb4.16&Prime; _module_preset=\u00a0\u00bbdefault\u00a0\u00bb global_colors_info=\u00a0\u00bb{}\u00a0\u00bb][et_pb_code admin_label=\u00a0\u00bbBorder Top Left\u00a0\u00bb module_class=\u00a0\u00bbborderTopLeft\u00a0\u00bb _builder_version=\u00a0\u00bb4.16&Prime; _module_preset=\u00a0\u00bbdefault\u00a0\u00bb global_colors_info=\u00a0\u00bb{}\u00a0\u00bb]<svg><!-- [et_pb_line_break_holder] -->  <rect class=\"vertical\"\/><!-- [et_pb_line_break_holder] -->  <rect class=\"horizontal\"\/><!-- [et_pb_line_break_holder] --><\/svg>[\/et_pb_code][et_pb_text admin_label=\u00a0\u00bbCreer\u00a0\u00bb module_class=\u00a0\u00bbsectionCreerEleverTitle\u00a0\u00bb _builder_version=\u00a0\u00bb4.16&Prime; _dynamic_attributes=\u00a0\u00bblink_option_url\u00a0\u00bb _module_preset=\u00a0\u00bbdefault\u00a0\u00bb link_option_url=\u00a0\u00bb@ET-DC@eyJkeW5hbWljIjp0cnVlLCJjb250ZW50IjoicG9zdF9saW5rX3VybF9wYWdlIiwic2V0dGluZ3MiOnsicG9zdF9pZCI6IjU0MCJ9fQ==@\u00a0\u00bb global_colors_info=\u00a0\u00bb{}\u00a0\u00bb]<\/p>\n<h2>Cr\u00e9er<\/h2>\n<p>[\/et_pb_text][et_pb_text module_class=\u00a0\u00bbsectionCreerEleverDescription\u00a0\u00bb _builder_version=\u00a0\u00bb4.16&Prime; _dynamic_attributes=\u00a0\u00bblink_option_url\u00a0\u00bb _module_preset=\u00a0\u00bbdefault\u00a0\u00bb link_option_url=\u00a0\u00bb@ET-DC@eyJkeW5hbWljIjp0cnVlLCJjb250ZW50IjoicG9zdF9saW5rX3VybF9wYWdlIiwic2V0dGluZ3MiOnsicG9zdF9pZCI6IjU0MCJ9fQ==@\u00a0\u00bb global_colors_info=\u00a0\u00bb{}\u00a0\u00bb]<\/p>\n<p>Informations relatives \u00e0 la comp\u00e9tition.<\/p>\n<p>[\/et_pb_text][et_pb_code admin_label=\u00a0\u00bbBorder Bottom Right\u00a0\u00bb module_class=\u00a0\u00bbborderBottomRight\u00a0\u00bb _builder_version=\u00a0\u00bb4.16&Prime; _module_preset=\u00a0\u00bbdefault\u00a0\u00bb custom_margin=\u00a0\u00bb106px|||||\u00a0\u00bb global_colors_info=\u00a0\u00bb{}\u00a0\u00bb]<svg><!-- [et_pb_line_break_holder] -->  <rect class=\"vertical\"\/><!-- [et_pb_line_break_holder] -->  <rect class=\"horizontal\"\/><!-- [et_pb_line_break_holder] --><\/svg>[\/et_pb_code][\/et_pb_column][et_pb_column type=\u00a0\u00bb1_2&Prime; module_class=\u00a0\u00bbcolumnElever\u00a0\u00bb _builder_version=\u00a0\u00bb4.16&Prime; _module_preset=\u00a0\u00bbdefault\u00a0\u00bb global_colors_info=\u00a0\u00bb{}\u00a0\u00bb][et_pb_code admin_label=\u00a0\u00bbBorder Top Left\u00a0\u00bb module_class=\u00a0\u00bbborderTopLeft\u00a0\u00bb _builder_version=\u00a0\u00bb4.16&Prime; _module_preset=\u00a0\u00bbdefault\u00a0\u00bb global_colors_info=\u00a0\u00bb{}\u00a0\u00bb]<svg><!-- [et_pb_line_break_holder] -->  <rect class=\"vertical\"\/><!-- [et_pb_line_break_holder] -->  <rect class=\"horizontal\"\/><!-- [et_pb_line_break_holder] --><\/svg>[\/et_pb_code][et_pb_text admin_label=\u00a0\u00bbElever\u00a0\u00bb module_class=\u00a0\u00bbsectionCreerEleverTitle\u00a0\u00bb _builder_version=\u00a0\u00bb4.16&Prime; _dynamic_attributes=\u00a0\u00bblink_option_url\u00a0\u00bb _module_preset=\u00a0\u00bbdefault\u00a0\u00bb link_option_url=\u00a0\u00bb@ET-DC@eyJkeW5hbWljIjp0cnVlLCJjb250ZW50IjoicG9zdF9saW5rX3VybF9wYWdlIiwic2V0dGluZ3MiOnsicG9zdF9pZCI6IjU1MCJ9fQ==@\u00a0\u00bb global_colors_info=\u00a0\u00bb{}\u00a0\u00bb]<\/p>\n<h2>\u00c9lever<\/h2>\n<p>[\/et_pb_text][et_pb_text module_class=\u00a0\u00bbsectionCreerEleverDescription\u00a0\u00bb _builder_version=\u00a0\u00bb4.16&Prime; _dynamic_attributes=\u00a0\u00bblink_option_url\u00a0\u00bb _module_preset=\u00a0\u00bbdefault\u00a0\u00bb link_option_url=\u00a0\u00bb@ET-DC@eyJkeW5hbWljIjp0cnVlLCJjb250ZW50IjoicG9zdF9saW5rX3VybF9wYWdlIiwic2V0dGluZ3MiOnsicG9zdF9pZCI6IjU1MCJ9fQ==@\u00a0\u00bb global_colors_info=\u00a0\u00bb{}\u00a0\u00bb]<\/p>\n<p>Impacts et retomb\u00e9es sur la communaut\u00e9 de danse<\/p>\n<p>[\/et_pb_text][et_pb_code admin_label=\u00a0\u00bbBorder Bottom Right\u00a0\u00bb module_class=\u00a0\u00bbborderBottomRight\u00a0\u00bb _builder_version=\u00a0\u00bb4.16&Prime; _module_preset=\u00a0\u00bbdefault\u00a0\u00bb custom_margin=\u00a0\u00bb106px|||||\u00a0\u00bb global_colors_info=\u00a0\u00bb{}\u00a0\u00bb]<svg><!-- [et_pb_line_break_holder] -->  <rect class=\"vertical\"\/><!-- [et_pb_line_break_holder] -->  <rect class=\"horizontal\"\/><!-- [et_pb_line_break_holder] --><\/svg>[\/et_pb_code][\/et_pb_column][\/et_pb_row][et_pb_row column_structure=\u00a0\u00bb1_2,1_2&Prime; _builder_version=\u00a0\u00bb4.16&Prime; _module_preset=\u00a0\u00bbdefault\u00a0\u00bb global_colors_info=\u00a0\u00bb{}\u00a0\u00bb][et_pb_column type=\u00a0\u00bb1_2&Prime; _builder_version=\u00a0\u00bb4.16&Prime; _module_preset=\u00a0\u00bbdefault\u00a0\u00bb global_colors_info=\u00a0\u00bb{}\u00a0\u00bb][et_pb_image src=\u00a0\u00bbhttps:\/\/thereunioncompetition.com\/wp-content\/uploads\/2026\/02\/YRQDR-vue-exterieure-2-scaled.jpg\u00a0\u00bb title_text=\u00a0\u00bbYRQDR &#8211; vue ext\u00e9rieure 2&Prime; _builder_version=\u00a0\u00bb4.27.5&Prime; _module_preset=\u00a0\u00bbdefault\u00a0\u00bb global_colors_info=\u00a0\u00bb{}\u00a0\u00bb][\/et_pb_image][\/et_pb_column][et_pb_column type=\u00a0\u00bb1_2&Prime; _builder_version=\u00a0\u00bb4.16&Prime; _module_preset=\u00a0\u00bbdefault\u00a0\u00bb global_colors_info=\u00a0\u00bb{}\u00a0\u00bb][et_pb_text module_id=\u00a0\u00bbinfoInscription\u00a0\u00bb module_class=\u00a0\u00bbsectionTextOverOrangeCentre\u00a0\u00bb _builder_version=\u00a0\u00bb4.18.0&Prime; _module_preset=\u00a0\u00bbdefault\u00a0\u00bb global_colors_info=\u00a0\u00bb{}\u00a0\u00bb]<\/p>\n<h2>D\u00e9tails de l&rsquo;\u00e9v\u00e9nement<\/h2>\n<p>Lieu : <strong>CECI \u00e0 Trois-Rivi\u00e8res<\/strong><\/p>\n<p>Coordonn\u00e9es de l\u2019h\u00f4tel : <strong>1620 Rue Notre Dame Centre, Trois-Rivi\u00e8res, QC, G9A 6E5, (819) 376-1991<\/strong><span class=\"wixui-rich-text__text\"><\/span><\/p>\n<p>Pour joindre l&rsquo;\u00e9quipe Reunion : <strong>(1-833) 979-0294<\/strong><\/p>\n<p><strong><\/strong><\/p>\n<p><span>Pour profiter du <span style=\"text-decoration: underline;\">tarif pr\u00e9f\u00e9rentiel<\/span>, r\u00e9serve <strong>avant le 2 mars<\/strong> en cliquant sur \u00a0le lien suivant: <a href=\"https:\/\/www.marriott.com\/fr\/event-reservations\/reservation-link.mi?id=1770231571532&amp;key=GRP&amp;guestreslink2=true&amp;app=resvlink&amp;fbclid=IwZXh0bgNhZW0CMTAAYnJpZBExdHl1VU0wM3FwblFnc0hoR3NydGMGYXBwX2lkEDIyMjAzOTE3ODgyMDA4OTIAAR4Gs2IrrKVRrepPTKccROiiEWF66rQmqkBx2ZQesYkoTxeBDOU8XegV779TLg_aem_hTex0JuqilVGvA3oNZsw_A&amp;inventoryMissing=true\">Lien de r\u00e9servation<\/a><\/span><\/p>\n<div dir=\"auto\"><\/div>\n<div dir=\"auto\"><\/div>\n<div dir=\"auto\"><\/div>\n<p>&nbsp;<\/p>\n<p>[\/et_pb_text][\/et_pb_column][\/et_pb_row][et_pb_row _builder_version=\u00a0\u00bb4.16&Prime; _module_preset=\u00a0\u00bbdefault\u00a0\u00bb global_colors_info=\u00a0\u00bb{}\u00a0\u00bb][et_pb_column type=\u00a0\u00bb4_4&Prime; _builder_version=\u00a0\u00bb4.16&Prime; _module_preset=\u00a0\u00bbdefault\u00a0\u00bb global_colors_info=\u00a0\u00bb{}\u00a0\u00bb][et_pb_video src=\u00a0\u00bbhttps:\/\/www.youtube.com\/watch?v=qzG88TRBmLI&#038;t=54s\u00a0\u00bb _builder_version=\u00a0\u00bb4.18.0&Prime; _module_preset=\u00a0\u00bbdefault\u00a0\u00bb global_colors_info=\u00a0\u00bb{}\u00a0\u00bb][\/et_pb_video][\/et_pb_column][\/et_pb_row][et_pb_row disabled_on=\u00a0\u00bbon|on|on\u00a0\u00bb admin_label=\u00a0\u00bbTitre partenaires\u00a0\u00bb module_class=\u00a0\u00bbcolonnePartenaireTitre\u00a0\u00bb _builder_version=\u00a0\u00bb4.16&Prime; _module_preset=\u00a0\u00bbdefault\u00a0\u00bb disabled=\u00a0\u00bbon\u00a0\u00bb collapsed=\u00a0\u00bboff\u00a0\u00bb global_colors_info=\u00a0\u00bb{}\u00a0\u00bb][et_pb_column type=\u00a0\u00bb4_4&Prime; _builder_version=\u00a0\u00bb4.16&Prime; _module_preset=\u00a0\u00bbdefault\u00a0\u00bb global_colors_info=\u00a0\u00bb{}\u00a0\u00bb][et_pb_text admin_label=\u00a0\u00bbAvec la pr\u00e9cieuse collaboration de\u00a0\u00bb _builder_version=\u00a0\u00bb4.16&Prime; _module_preset=\u00a0\u00bbdefault\u00a0\u00bb text_text_color=\u00a0\u00bb#000000&Prime; global_colors_info=\u00a0\u00bb{}\u00a0\u00bb]<\/p>\n<h2 style=\"text-align: center;\">Avec la pr\u00e9\u00e7ieuse collaboration de<\/h2>\n<p>[\/et_pb_text][\/et_pb_column][\/et_pb_row][et_pb_row disabled_on=\u00a0\u00bbon|on|on\u00a0\u00bb admin_label=\u00a0\u00bbGallerie Partenaires\u00a0\u00bb module_class=\u00a0\u00bbimagesPartenaires\u00a0\u00bb _builder_version=\u00a0\u00bb4.16&Prime; _module_preset=\u00a0\u00bbdefault\u00a0\u00bb disabled=\u00a0\u00bbon\u00a0\u00bb global_colors_info=\u00a0\u00bb{}\u00a0\u00bb][et_pb_column type=\u00a0\u00bb4_4&Prime; _builder_version=\u00a0\u00bb4.16&Prime; _module_preset=\u00a0\u00bbdefault\u00a0\u00bb global_colors_info=\u00a0\u00bb{}\u00a0\u00bb][et_pb_image src=\u00a0\u00bbhttps:\/\/thereunioncompetition.com\/wp-content\/uploads\/2021\/02\/Logo_ipsum-1.png\u00a0\u00bb title_text=\u00a0\u00bbLogo_ipsum\u00a0\u00bb _builder_version=\u00a0\u00bb4.16&Prime; _module_preset=\u00a0\u00bbdefault\u00a0\u00bb global_colors_info=\u00a0\u00bb{}\u00a0\u00bb][\/et_pb_image][et_pb_image src=\u00a0\u00bbhttps:\/\/thereunioncompetition.com\/wp-content\/uploads\/2021\/02\/Logo_ipsum-1.png\u00a0\u00bb title_text=\u00a0\u00bbLogo_ipsum\u00a0\u00bb _builder_version=\u00a0\u00bb4.16&Prime; _module_preset=\u00a0\u00bbdefault\u00a0\u00bb global_colors_info=\u00a0\u00bb{}\u00a0\u00bb][\/et_pb_image][et_pb_image src=\u00a0\u00bbhttps:\/\/thereunioncompetition.com\/wp-content\/uploads\/2021\/02\/Logo_ipsum-1.png\u00a0\u00bb title_text=\u00a0\u00bbLogo_ipsum\u00a0\u00bb _builder_version=\u00a0\u00bb4.16&Prime; _module_preset=\u00a0\u00bbdefault\u00a0\u00bb global_colors_info=\u00a0\u00bb{}\u00a0\u00bb][\/et_pb_image][et_pb_image src=\u00a0\u00bbhttps:\/\/thereunioncompetition.com\/wp-content\/uploads\/2021\/02\/Logo_ipsum-1.png\u00a0\u00bb title_text=\u00a0\u00bbLogo_ipsum\u00a0\u00bb _builder_version=\u00a0\u00bb4.16&Prime; _module_preset=\u00a0\u00bbdefault\u00a0\u00bb global_colors_info=\u00a0\u00bb{}\u00a0\u00bb][\/et_pb_image][et_pb_image src=\u00a0\u00bbhttps:\/\/thereunioncompetition.com\/wp-content\/uploads\/2021\/02\/Logo_ipsum-1.png\u00a0\u00bb title_text=\u00a0\u00bbLogo_ipsum\u00a0\u00bb _builder_version=\u00a0\u00bb4.16&Prime; _module_preset=\u00a0\u00bbdefault\u00a0\u00bb global_colors_info=\u00a0\u00bb{}\u00a0\u00bb][\/et_pb_image][\/et_pb_column][\/et_pb_row][\/et_pb_section]<\/p>\n","protected":false},"excerpt":{"rendered":"<p>\u00c9levons notre monde en misant sur la cr\u00e9ativit\u00e9Comp\u00e9tition de grande envergure o\u00f9 tout le monde se rassemble afin de se tailler une place pour non seulement rafler les honneurs de meilleure cr\u00e9ation mais, par le fait m\u00eame, redonner et \u00e9lever sa communaut\u00e9.&nbsp; 2 au 5 avril 2026, au CECI \u00e0 Trois-Rivi\u00e8res (1634 Rue Notre Dame [&hellip;]<\/p>\n","protected":false},"author":1,"featured_media":0,"parent":0,"menu_order":0,"comment_status":"closed","ping_status":"closed","template":"","meta":{"_acf_changed":false,"_et_pb_use_builder":"on","_et_pb_old_content":"","_et_gb_content_width":"","footnotes":""},"acf":[],"_links":{"self":[{"href":"https:\/\/thereunioncompetition.com\/en\/wp-json\/wp\/v2\/pages\/9"}],"collection":[{"href":"https:\/\/thereunioncompetition.com\/en\/wp-json\/wp\/v2\/pages"}],"about":[{"href":"https:\/\/thereunioncompetition.com\/en\/wp-json\/wp\/v2\/types\/page"}],"author":[{"embeddable":true,"href":"https:\/\/thereunioncompetition.com\/en\/wp-json\/wp\/v2\/users\/1"}],"replies":[{"embeddable":true,"href":"https:\/\/thereunioncompetition.com\/en\/wp-json\/wp\/v2\/comments?post=9"}],"version-history":[{"count":155,"href":"https:\/\/thereunioncompetition.com\/en\/wp-json\/wp\/v2\/pages\/9\/revisions"}],"predecessor-version":[{"id":1477,"href":"https:\/\/thereunioncompetition.com\/en\/wp-json\/wp\/v2\/pages\/9\/revisions\/1477"}],"wp:attachment":[{"href":"https:\/\/thereunioncompetition.com\/en\/wp-json\/wp\/v2\/media?parent=9"}],"curies":[{"name":"wp","href":"https:\/\/api.w.org\/{rel}","templated":true}]}}